{"id":396,"date":"2016-11-16T08:50:06","date_gmt":"2016-11-16T08:50:06","guid":{"rendered":"http:\/\/localhost\/architect\/?page_id=396"},"modified":"2024-09-13T13:41:49","modified_gmt":"2024-09-13T10:41:49","slug":"hakkimizda","status":"publish","type":"page","link":"https:\/\/globalflor.com.tr\/tr\/hakkimizda\/","title":{"rendered":"Hakk\u0131m\u0131zda"},"content":{"rendered":"<div class=\"wpb-content-wrapper\"><p>[vc_row el_class=&#8221;padding padding-bottom-0&#8243;][vc_column width=&#8221;1\/2&#8243; css=&#8221;.vc_custom_1480559075178{padding-right: 25px !important;padding-left: 0px !important;}&#8221;][vc_single_image image=&#8221;936&#8243; img_size=&#8221;full&#8221; css=&#8221;.vc_custom_1480499151041{margin-bottom: 0px !important;}&#8221;][\/vc_column][vc_column width=&#8221;1\/2&#8243; el_class=&#8221;mgt-res&#8221; css=&#8221;.vc_custom_1480559082783{padding-right: 0px !important;padding-left: 25px !important;}&#8221;]\n  <h2 style=\"font-weight: 300;margin-top: 0px;margin-bottom: 30px;\" > GLOBAL FLOR'UN M\u0130SYONU<\/h2> \n\n[vc_column_text css=&#8221;.vc_custom_1726208052948{margin-bottom: 10px !important;}&#8221;]Global Flor, modern ve s\u00fcrd\u00fcr\u00fclebilir zemin kaplama \u00e7\u00f6z\u00fcmleri sunarak ya\u015fam ve \u00e7al\u0131\u015fma alanlar\u0131n\u0131za de\u011fer katmay\u0131 hedefler. L\u00fcks Vinil Karosu (LVT), SPC (Ta\u015f-Plastik Kompozit), spor zeminleri ve daha bir\u00e7ok dayan\u0131kl\u0131 ve \u00e7evre dostu \u00fcr\u00fcn\u00fcm\u00fczle projelerinize estetik ve i\u015flevsel \u00e7\u00f6z\u00fcmler sunuyoruz. \u00dcr\u00fcnlerimiz, suya, \u00e7izilmeye ve a\u015f\u0131nmaya kar\u015f\u0131 \u00fcst\u00fcn koruma sa\u011flarken, uzun \u00f6m\u00fcrl\u00fc kullan\u0131m garantisi sunar.[\/vc_column_text][vc_empty_space height=&#8221;20px&#8221;]\n  <h2 style=\"font-weight: 300;margin-top: 0px;margin-bottom: 30px;\" > YEN\u0130L\u0130K VE KAL\u0130TE<\/h2> \n\n[vc_column_text css=&#8221;.vc_custom_1726208106292{margin-bottom: 10px !important;}&#8221;]Global Flor olarak, k\u00fc\u00e7\u00fck de\u011fi\u015fikliklerin b\u00fcy\u00fck farklar yaratabilece\u011fine inan\u0131yoruz. Her projemiz i\u00e7in detaylara verdi\u011fimiz \u00f6nem ve sundu\u011fumuz ki\u015fiye \u00f6zel \u00e7\u00f6z\u00fcmlerle, ya\u015fam alanlar\u0131n\u0131z\u0131 ve i\u015f yerlerinizi daha konforlu hale getiriyoruz. Sundu\u011fumuz kaliteli \u00fcr\u00fcnler ve profesyonel hizmet anlay\u0131\u015f\u0131m\u0131zla, m\u00fc\u015fteri memnuniyetini \u00f6n planda tutuyoruz.[\/vc_column_text][vc_column_text css=&#8221;.vc_custom_1726208095866{margin-bottom: 10px !important;}&#8221;]Ekibimiz, zemin kaplama \u00e7\u00f6z\u00fcmlerinde yarat\u0131c\u0131l\u0131\u011f\u0131 ve inovasyonu \u00f6n planda tutarak, sekt\u00f6rdeki yenilikleri takip eder ve projelerinize de\u011fer katar. Uzman kadromuz, her projeyi titizlikle de\u011ferlendirir ve ihtiya\u00e7lar\u0131n\u0131za en uygun \u00e7\u00f6z\u00fcmleri sunmak i\u00e7in \u00e7al\u0131\u015f\u0131r. Global Flor olarak, zemin kaplama alan\u0131nda g\u00fcvenilir bir i\u015f orta\u011f\u0131 olman\u0131n gururunu ya\u015f\u0131yoruz ve her ad\u0131mda sizlere destek olmaktan mutluluk duyuyoruz.[\/vc_column_text][\/vc_column][\/vc_row][vc_row el_class=&#8221;padding padding-bottom-0&#8243;][vc_column css=&#8221;.vc_custom_1480562867810{padding-right: 0px !important;padding-left: 0px !important;}&#8221;]\n  <h2 style=\"text-align: center;font-weight: 300;\" > M\u00dc\u015eTER\u0130M\u0130Z NE D\u0130YOR<\/h2> \n\n    <div class=\"divider divider-1\" >\n      <svg class=\"svg-triangle-icon-container\">\n        <polygon class=\"svg-triangle-icon\" points=\"6 11,12 0,0 0\"><\/polygon>\n      <\/svg>\n    <\/div>\n<div class=\"testimonial-warp testimonial-2-col testimonial-2-col-about\">\n    <div class=\"col-md-6 \">\n    <div class=\"item-testimonials  item-testimonials-about text-left\">\n      <p class=\"quote-icon\">&#8220;<\/p>\n      <p><i>Global Flor ile \u00e7al\u0131\u015fmak ger\u00e7ekten m\u00fckemmel bir deneyim oldu. L\u00fcks Vinil Karosu (LVT) ve spor zeminleri gibi \u00fcr\u00fcnleri projelerimizde kullanarak hem estetik hem de dayan\u0131kl\u0131l\u0131k konusunda b\u00fcy\u00fck bir memnuniyet sa\u011flad\u0131k.<\/i><\/p>\n      <div class=\"avatar-testimonials\">\n        <img decoding=\"async\" src=\"https:\/\/globalflor.com.tr\/tr\/wp-content\/uploads\/2024\/09\/testi-2-2-1.png\" class=\"img-responsive\" alt=\"Image\">\n      <\/div>\n      <h4 class=\"name-testimonials text-cap\">Elif K.<\/h4>\n      <span class=\"job-testimonials\">M\u00fc\u015fteri<\/span>\n    <\/div>\n  <\/div>\n  <div class=\"col-md-6 \">\n    <div class=\"item-testimonials  item-testimonials-about text-left\">\n      <p class=\"quote-icon\">&#8220;<\/p>\n      <p><i>Global Flor'un sundu\u011fu \u00e7\u00f6z\u00fcmler ger\u00e7ekten \u00fcst d\u00fczey. SPC zemin kaplamalar\u0131, dayan\u0131kl\u0131l\u0131\u011f\u0131 ve \u015f\u0131kl\u0131\u011f\u0131 ile ofisimizde b\u00fcy\u00fck bir fark yaratt\u0131. \u00dcr\u00fcnlerin kalitesi ve m\u00fc\u015fteri hizmetleri konusunda g\u00f6sterdikleri \u00f6zen bizi \u00e7ok mutlu etti.<\/i><\/p>\n      <div class=\"avatar-testimonials\">\n        <img decoding=\"async\" src=\"https:\/\/globalflor.com.tr\/tr\/wp-content\/uploads\/2024\/09\/testi-1-1-1.png\" class=\"img-responsive\" alt=\"Image\">\n      <\/div>\n      <h4 class=\"name-testimonials text-cap\">Ahmet Y.<\/h4>\n      <span class=\"job-testimonials\">M\u00fc\u015fteri<\/span>\n    <\/div>\n  <\/div>\n  <div class=\"col-md-6 \">\n    <div class=\"item-testimonials  item-testimonials-about text-left\">\n      <p class=\"quote-icon\">&#8220;<\/p>\n      <p><i>Projelerimizde Global Flor'un \u00e7evre dostu ve uzun \u00f6m\u00fcrl\u00fc \u00fcr\u00fcnlerini tercih etmekten b\u00fcy\u00fck bir memnuniyet duyduk. Suya, \u00e7izilmeye ve a\u015f\u0131nmaya kar\u015f\u0131 \u00fcst\u00fcn koruma sa\u011flayan \u00fcr\u00fcnleri sayesinde zeminlerimiz hem estetik hem de i\u015flevsel olarak m\u00fckemmel durumda. <\/i><\/p>\n      <div class=\"avatar-testimonials\">\n        <img decoding=\"async\" src=\"https:\/\/globalflor.com.tr\/tr\/wp-content\/uploads\/2024\/09\/testi-2-2-1.png\" class=\"img-responsive\" alt=\"Image\">\n      <\/div>\n      <h4 class=\"name-testimonials text-cap\">Zeynep A.<\/h4>\n      <span class=\"job-testimonials\">M\u00fc\u015fteri<\/span>\n    <\/div>\n  <\/div>\n  <div class=\"col-md-6 \">\n    <div class=\"item-testimonials  item-testimonials-about text-left\">\n      <p class=\"quote-icon\">&#8220;<\/p>\n      <p><i>Global Flor ile i\u015f birli\u011fi yaparken ald\u0131\u011f\u0131m\u0131z hizmetten son derece memnun kald\u0131k. \u00dcr\u00fcnlerin kalitesi ve dayan\u0131kl\u0131l\u0131\u011f\u0131 beklentilerimizin \u00fczerinde oldu. Ayr\u0131ca, projeye \u00f6zel sunduklar\u0131 \u00e7\u00f6z\u00fcmler sayesinde gelece\u011fe g\u00fcvenle ad\u0131m atmam\u0131z\u0131 sa\u011flad\u0131lar.<\/i><\/p>\n      <div class=\"avatar-testimonials\">\n        <img decoding=\"async\" src=\"https:\/\/globalflor.com.tr\/tr\/wp-content\/uploads\/2024\/09\/testi-1-1-1.png\" class=\"img-responsive\" alt=\"Image\">\n      <\/div>\n      <h4 class=\"name-testimonials text-cap\">Murat B.<\/h4>\n      <span class=\"job-testimonials\">M\u00fc\u015fteri<\/span>\n    <\/div>\n  <\/div>\n<\/div>\n[\/vc_column][\/vc_row][vc_row fullwidth=&#8221;yes&#8221; overlay=&#8221;true&#8221; bgcolor=&#8221;#302486E6&#8243; el_class=&#8221;overlay-arc&#8221; css=&#8221;.vc_custom_1726208992006{padding-top: 120px !important;padding-bottom: 120px !important;background-image: url(https:\/\/globalflor.com.tr\/tr\/wp-content\/uploads\/2016\/11\/3-17-1.jpg?id=1034) !important;}&#8221;][vc_column][vc_column_text css=&#8221;.vc_custom_1726208183172{margin-bottom: 10px !important;}&#8221;]<\/p>\n<h2 class=\"secovl\" style=\"text-align: center;\">Geli\u015fmi\u015f Teknoloji ve \u015e\u0131kl\u0131\u011f\u0131 Bir Araya Getiren Zemin Kaplama \u00c7\u00f6z\u00fcmlerimizle Hayalinizdeki Alanlar\u0131 Yarat\u0131n<\/h2>\n<p>[\/vc_column_text][\/vc_column][vc_column css=&#8221;.vc_custom_1481103524849{margin-top: 40px !important;}&#8221;]\n    <div class=\"text-center\">  <a href=\"https:\/\/globalflor.com.tr\/tr\/segment\" class=\"ot-btn default-size-btn btn-dark-color \">SEKT\u00d6RLERE G\u00d6Z ATIN<\/a>\n  <\/div>  [\/vc_column][\/vc_row]<\/p>\n<\/div>","protected":false},"excerpt":{"rendered":"<p>[vc_row el_class=&#8221;padding padding-bottom-0&#8243;][vc_column width=&#8221;1\/2&#8243; css=&#8221;.vc_custom_1480559075178{padding-right: 25px !important;padding-left: 0px !important;}&#8221;][vc_single_image image=&#8221;936&#8243; img_size=&#8221;full&#8221; css=&#8221;.vc_custom_1480499151041{margin-bottom: 0px !important;}&#8221;][\/vc_column][vc_column width=&#8221;1\/2&#8243; el_class=&#8221;mgt-res&#8221; css=&#8221;.vc_custom_1480559082783{padding-right: 0px !important;padding-left: 25px !important;}&#8221;][vc_column_text css=&#8221;.vc_custom_1726208052948{margin-bottom: 10px !important;}&#8221;]Global Flor, modern ve s\u00fcrd\u00fcr\u00fclebilir zemin kaplama \u00e7\u00f6z\u00fcmleri sunarak ya\u015fam ve \u00e7al\u0131\u015fma alanlar\u0131n\u0131za de\u011fer katmay\u0131 hedefler. L\u00fcks Vinil Karosu (LVT), SPC (Ta\u015f-Plastik Kompozit), spor zeminleri ve daha bir\u00e7ok dayan\u0131kl\u0131 ve \u00e7evre dostu [&hellip;]<\/p>\n","protected":false},"author":1,"featured_media":0,"parent":0,"menu_order":0,"comment_status":"closed","ping_status":"closed","template":"page-templates\/template-fullwidth.php","meta":{"_joinchat":[],"footnotes":""},"class_list":["post-396","page","type-page","status-publish","hentry"],"yoast_head":"<!-- This site is optimized with the Yoast SEO plugin v23.4 - https:\/\/yoast.com\/wordpress\/plugins\/seo\/ -->\n<title>Hakk\u0131m\u0131zda - Globalflor<\/title>\n<meta name=\"robots\" content=\"index, follow, max-snippet:-1, max-image-preview:large, max-video-preview:-1\" \/>\n<link rel=\"canonical\" href=\"https:\/\/globalflor.com.tr\/tr\/hakkimizda\/\" \/>\n<meta property=\"og:locale\" content=\"tr_TR\" \/>\n<meta property=\"og:type\" content=\"article\" \/>\n<meta property=\"og:title\" content=\"Hakk\u0131m\u0131zda - Globalflor\" \/>\n<meta property=\"og:description\" content=\"[vc_row el_class=&#8221;padding padding-bottom-0&#8243;][vc_column width=&#8221;1\/2&#8243; css=&#8221;.vc_custom_1480559075178{padding-right: 25px !important;padding-left: 0px !important;}&#8221;][vc_single_image image=&#8221;936&#8243; img_size=&#8221;full&#8221; css=&#8221;.vc_custom_1480499151041{margin-bottom: 0px !important;}&#8221;][\/vc_column][vc_column width=&#8221;1\/2&#8243; el_class=&#8221;mgt-res&#8221; css=&#8221;.vc_custom_1480559082783{padding-right: 0px !important;padding-left: 25px !important;}&#8221;][vc_column_text css=&#8221;.vc_custom_1726208052948{margin-bottom: 10px !important;}&#8221;]Global Flor, modern ve s\u00fcrd\u00fcr\u00fclebilir zemin kaplama \u00e7\u00f6z\u00fcmleri sunarak ya\u015fam ve \u00e7al\u0131\u015fma alanlar\u0131n\u0131za de\u011fer katmay\u0131 hedefler. L\u00fcks Vinil Karosu (LVT), SPC (Ta\u015f-Plastik Kompozit), spor zeminleri ve daha bir\u00e7ok dayan\u0131kl\u0131 ve \u00e7evre dostu [&hellip;]\" \/>\n<meta property=\"og:url\" content=\"https:\/\/globalflor.com.tr\/tr\/hakkimizda\/\" \/>\n<meta property=\"og:site_name\" content=\"Globalflor\" \/>\n<meta property=\"article:modified_time\" content=\"2024-09-13T10:41:49+00:00\" \/>\n<meta name=\"twitter:card\" content=\"summary_large_image\" \/>\n<meta name=\"twitter:label1\" content=\"Tahmini okuma s\u00fcresi\" \/>\n\t<meta name=\"twitter:data1\" content=\"4 dakika\" \/>\n<script type=\"application\/ld+json\" class=\"yoast-schema-graph\">{\"@context\":\"https:\/\/schema.org\",\"@graph\":[{\"@type\":\"WebPage\",\"@id\":\"https:\/\/globalflor.com.tr\/tr\/hakkimizda\/\",\"url\":\"https:\/\/globalflor.com.tr\/tr\/hakkimizda\/\",\"name\":\"Hakk\u0131m\u0131zda - Globalflor\",\"isPartOf\":{\"@id\":\"https:\/\/globalflor.com.tr\/tr\/#website\"},\"datePublished\":\"2016-11-16T08:50:06+00:00\",\"dateModified\":\"2024-09-13T10:41:49+00:00\",\"breadcrumb\":{\"@id\":\"https:\/\/globalflor.com.tr\/tr\/hakkimizda\/#breadcrumb\"},\"inLanguage\":\"tr\",\"potentialAction\":[{\"@type\":\"ReadAction\",\"target\":[\"https:\/\/globalflor.com.tr\/tr\/hakkimizda\/\"]}]},{\"@type\":\"BreadcrumbList\",\"@id\":\"https:\/\/globalflor.com.tr\/tr\/hakkimizda\/#breadcrumb\",\"itemListElement\":[{\"@type\":\"ListItem\",\"position\":1,\"name\":\"Anasayfa\",\"item\":\"https:\/\/globalflor.com.tr\/tr\/\"},{\"@type\":\"ListItem\",\"position\":2,\"name\":\"Hakk\u0131m\u0131zda\"}]},{\"@type\":\"WebSite\",\"@id\":\"https:\/\/globalflor.com.tr\/tr\/#website\",\"url\":\"https:\/\/globalflor.com.tr\/tr\/\",\"name\":\"Global Flor\",\"description\":\"\",\"publisher\":{\"@id\":\"https:\/\/globalflor.com.tr\/tr\/#organization\"},\"potentialAction\":[{\"@type\":\"SearchAction\",\"target\":{\"@type\":\"EntryPoint\",\"urlTemplate\":\"https:\/\/globalflor.com.tr\/tr\/?s={search_term_string}\"},\"query-input\":{\"@type\":\"PropertyValueSpecification\",\"valueRequired\":true,\"valueName\":\"search_term_string\"}}],\"inLanguage\":\"tr\"},{\"@type\":\"Organization\",\"@id\":\"https:\/\/globalflor.com.tr\/tr\/#organization\",\"name\":\"Global Flor\",\"url\":\"https:\/\/globalflor.com.tr\/tr\/\",\"logo\":{\"@type\":\"ImageObject\",\"inLanguage\":\"tr\",\"@id\":\"https:\/\/globalflor.com.tr\/tr\/#\/schema\/logo\/image\/\",\"url\":\"https:\/\/globalflor.com.tr\/tr\/wp-content\/uploads\/2024\/09\/logo-1.png\",\"contentUrl\":\"https:\/\/globalflor.com.tr\/tr\/wp-content\/uploads\/2024\/09\/logo-1.png\",\"width\":209,\"height\":35,\"caption\":\"Global Flor\"},\"image\":{\"@id\":\"https:\/\/globalflor.com.tr\/tr\/#\/schema\/logo\/image\/\"}}]}<\/script>\n<!-- \/ Yoast SEO plugin. -->","yoast_head_json":{"title":"Hakk\u0131m\u0131zda - Globalflor","robots":{"index":"index","follow":"follow","max-snippet":"max-snippet:-1","max-image-preview":"max-image-preview:large","max-video-preview":"max-video-preview:-1"},"canonical":"https:\/\/globalflor.com.tr\/tr\/hakkimizda\/","og_locale":"tr_TR","og_type":"article","og_title":"Hakk\u0131m\u0131zda - Globalflor","og_description":"[vc_row el_class=&#8221;padding padding-bottom-0&#8243;][vc_column width=&#8221;1\/2&#8243; css=&#8221;.vc_custom_1480559075178{padding-right: 25px !important;padding-left: 0px !important;}&#8221;][vc_single_image image=&#8221;936&#8243; img_size=&#8221;full&#8221; css=&#8221;.vc_custom_1480499151041{margin-bottom: 0px !important;}&#8221;][\/vc_column][vc_column width=&#8221;1\/2&#8243; el_class=&#8221;mgt-res&#8221; css=&#8221;.vc_custom_1480559082783{padding-right: 0px !important;padding-left: 25px !important;}&#8221;][vc_column_text css=&#8221;.vc_custom_1726208052948{margin-bottom: 10px !important;}&#8221;]Global Flor, modern ve s\u00fcrd\u00fcr\u00fclebilir zemin kaplama \u00e7\u00f6z\u00fcmleri sunarak ya\u015fam ve \u00e7al\u0131\u015fma alanlar\u0131n\u0131za de\u011fer katmay\u0131 hedefler. L\u00fcks Vinil Karosu (LVT), SPC (Ta\u015f-Plastik Kompozit), spor zeminleri ve daha bir\u00e7ok dayan\u0131kl\u0131 ve \u00e7evre dostu [&hellip;]","og_url":"https:\/\/globalflor.com.tr\/tr\/hakkimizda\/","og_site_name":"Globalflor","article_modified_time":"2024-09-13T10:41:49+00:00","twitter_card":"summary_large_image","twitter_misc":{"Tahmini okuma s\u00fcresi":"4 dakika"},"schema":{"@context":"https:\/\/schema.org","@graph":[{"@type":"WebPage","@id":"https:\/\/globalflor.com.tr\/tr\/hakkimizda\/","url":"https:\/\/globalflor.com.tr\/tr\/hakkimizda\/","name":"Hakk\u0131m\u0131zda - Globalflor","isPartOf":{"@id":"https:\/\/globalflor.com.tr\/tr\/#website"},"datePublished":"2016-11-16T08:50:06+00:00","dateModified":"2024-09-13T10:41:49+00:00","breadcrumb":{"@id":"https:\/\/globalflor.com.tr\/tr\/hakkimizda\/#breadcrumb"},"inLanguage":"tr","potentialAction":[{"@type":"ReadAction","target":["https:\/\/globalflor.com.tr\/tr\/hakkimizda\/"]}]},{"@type":"BreadcrumbList","@id":"https:\/\/globalflor.com.tr\/tr\/hakkimizda\/#breadcrumb","itemListElement":[{"@type":"ListItem","position":1,"name":"Anasayfa","item":"https:\/\/globalflor.com.tr\/tr\/"},{"@type":"ListItem","position":2,"name":"Hakk\u0131m\u0131zda"}]},{"@type":"WebSite","@id":"https:\/\/globalflor.com.tr\/tr\/#website","url":"https:\/\/globalflor.com.tr\/tr\/","name":"Global Flor","description":"","publisher":{"@id":"https:\/\/globalflor.com.tr\/tr\/#organization"},"potentialAction":[{"@type":"SearchAction","target":{"@type":"EntryPoint","urlTemplate":"https:\/\/globalflor.com.tr\/tr\/?s={search_term_string}"},"query-input":{"@type":"PropertyValueSpecification","valueRequired":true,"valueName":"search_term_string"}}],"inLanguage":"tr"},{"@type":"Organization","@id":"https:\/\/globalflor.com.tr\/tr\/#organization","name":"Global Flor","url":"https:\/\/globalflor.com.tr\/tr\/","logo":{"@type":"ImageObject","inLanguage":"tr","@id":"https:\/\/globalflor.com.tr\/tr\/#\/schema\/logo\/image\/","url":"https:\/\/globalflor.com.tr\/tr\/wp-content\/uploads\/2024\/09\/logo-1.png","contentUrl":"https:\/\/globalflor.com.tr\/tr\/wp-content\/uploads\/2024\/09\/logo-1.png","width":209,"height":35,"caption":"Global Flor"},"image":{"@id":"https:\/\/globalflor.com.tr\/tr\/#\/schema\/logo\/image\/"}}]}},"_links":{"self":[{"href":"https:\/\/globalflor.com.tr\/tr\/wp-json\/wp\/v2\/pages\/396","targetHints":{"allow":["GET"]}}],"collection":[{"href":"https:\/\/globalflor.com.tr\/tr\/wp-json\/wp\/v2\/pages"}],"about":[{"href":"https:\/\/globalflor.com.tr\/tr\/wp-json\/wp\/v2\/types\/page"}],"author":[{"embeddable":true,"href":"https:\/\/globalflor.com.tr\/tr\/wp-json\/wp\/v2\/users\/1"}],"replies":[{"embeddable":true,"href":"https:\/\/globalflor.com.tr\/tr\/wp-json\/wp\/v2\/comments?post=396"}],"version-history":[{"count":13,"href":"https:\/\/globalflor.com.tr\/tr\/wp-json\/wp\/v2\/pages\/396\/revisions"}],"predecessor-version":[{"id":1395,"href":"https:\/\/globalflor.com.tr\/tr\/wp-json\/wp\/v2\/pages\/396\/revisions\/1395"}],"wp:attachment":[{"href":"https:\/\/globalflor.com.tr\/tr\/wp-json\/wp\/v2\/media?parent=396"}],"curies":[{"name":"wp","href":"https:\/\/api.w.org\/{rel}","templated":true}]}}